{"id":513,"date":"2017-10-30T20:08:55","date_gmt":"2017-10-30T20:08:55","guid":{"rendered":"http:\/\/creations.ro\/ackrobat\/contacte\/"},"modified":"2017-12-14T15:28:01","modified_gmt":"2017-12-14T15:28:01","slug":"contacts","status":"publish","type":"page","link":"https:\/\/ackrobatprofesional.ro\/en\/contacts\/","title":{"rendered":"Contacts"},"content":{"rendered":"<div class=\"wpb-content-wrapper\"><p>[vc_row dfd_row_config=&#8221;full_width_content&#8221;][vc_column]<div class=\"dfd-gmap-module map_69e1dfb709407 \" ><div id=\"map_69e1dfb709407\" class=\"map-holder\"><\/div>\r\n\t\t\t\t\t<script type=\"text\/javascript\">\r\n\t\t\t\t\t\t(function($) {\r\n\t\t\t\t\t\t\t$(document).ready(function () {\r\n\t\t\t\t\t\t\t\t$(\"#map_69e1dfb709407\").bind('gmap-reload', function() {\r\n\t\t\t\t\t\t\t\t\t\t gmap3_init();\r\n\t\t\t\t\t\t\t\t\t});\r\n\r\n\t\t\t\t\t\t\t\tgmap3_init();\r\n\r\n\t\t\t\t\t\t\t\tfunction gmap3_init() {\r\n\t\t\t\t\t\t\t\t\t$(\"#map_69e1dfb709407\").gmap3('destroy');\r\n\r\n\t\t\t\t\t\t\t\t\t$(\"#map_69e1dfb709407\").gmap3({\r\n\t\t\t\t\t\t\t\t\t\tmarker: {\r\n\t\t\t\t\t\t\t\t\t\t\tvalues: [{address: \" Strada Pet\u0151fi S\u00e1ndor, Dumbr\u0103vi\u021ba 307160\" , data:\"Strada Pet\u0151fi S\u00e1ndor, Dumbr\u0103vi\u021ba 307160\", options:{icon: \"https:\/\/mts.googleapis.com\/vt\/icon\/name=icons\/spotlight\/spotlight-poi.png\"}}],\r\n\t\t\t\t\t\t\t\t\t\t\tevents:{\r\n\t\t\t\t\t\t\t\t\t\t\t\tclick: function(marker, event, context){\r\n\t\t\t\t\t\t\t\t\t\t\t\t\tvar map = jQuery(this).gmap3(\"get\"),\r\n\t\t\t\t\t\t\t\t\t\t\t\t\t\tinfowindow = $(this).gmap3({get:{name:\"infowindow\"}});\r\n\t\t\t\t\t\t\t\t\t\t\t\t\tif (infowindow){\r\n\t\t\t\t\t\t\t\t\t\t\t\t\t\tinfowindow.open(map, marker);\r\n\t\t\t\t\t\t\t\t\t\t\t\t\t\tinfowindow.setContent('<div class=\"noscroll\">'+context.data+'<\/div>');\r\n\t\t\t\t\t\t\t\t\t\t\t\t\t} else {\r\n\t\t\t\t\t\t\t\t\t\t\t\t\t\t$(this).gmap3({\r\n\t\t\t\t\t\t\t\t\t\t\t\t\t\t\tinfowindow:{\r\n\t\t\t\t\t\t\t\t\t\t\t\t\t\t\t\tanchor:marker,\r\n\t\t\t\t\t\t\t\t\t\t\t\t\t\t\t\toptions:{content: '<div class=\"noscroll\">'+context.data+'<\/div>'}\r\n\t\t\t\t\t\t\t\t\t\t\t\t\t\t\t}\r\n\t\t\t\t\t\t\t\t\t\t\t\t\t\t});\r\n\t\t\t\t\t\t\t\t\t\t\t\t\t}\r\n\t\t\t\t\t\t\t\t\t\t\t\t}\r\n\t\t\t\t\t\t\t\t\t\t\t}\r\n\t\t\t\t\t\t\t\t\t\t},\r\n\t\t\t\t\t\t\t\t\tmap: {\r\n\t\t\t\t\t\t\t\t\t\toptions: {\r\n\t\t\t\t\t\t\t\t\t\t\tzoom: 12,\r\n\t\t\t\t\t\t\t\t\t\t\tzoomControl: true,styles:[{'featureType':'water','elementType':'geometry','stylers':[{'color':'#a2daf2'}]},{'featureType':'landscape.man_made','elementType':'geometry','stylers':[{'color':'#f7f1df'}]},{'featureType':'landscape.natural','elementType':'geometry','stylers':[{'color':'#d0e3b4'}]},{'featureType':'landscape.natural.terrain','elementType':'geometry','stylers':[{'visibility':'off'}]},{'featureType':'poi.park','elementType':'geometry','stylers':[{'color':'#bde6ab'}]},{'featureType':'poi','elementType':'labels','stylers':[{'visibility':'off'}]},{'featureType':'poi.medical','elementType':'geometry','stylers':[{'color':'#fbd3da'}]},{'featureType':'poi.business','stylers':[{'visibility':'off'}]},{'featureType':'road','elementType':'geometry.stroke','stylers':[{'visibility':'off'}]},{'featureType':'road','elementType':'labels','stylers':[{'visibility':'off'}]},{'featureType':'road.highway','elementType':'geometry.fill','stylers':[{'color':'#ffe15f'}]},{'featureType':'road.highway','elementType':'geometry.stroke','stylers':[{'color':'#efd151'}]},{'featureType':'road.arterial','elementType':'geometry.fill','stylers':[{'color':'#ffffff'}]},{'featureType':'road.local','elementType':'geometry.fill','stylers':[{'color':'black'}]},{'featureType':'transit.station.airport','elementType':'geometry.fill','stylers':[{'color':'#cfb2db'}]}],scrollwheel: false,\r\n\t\t\t\t\t\t\t\t\t\t\tstreetViewControl: false,\r\n\t\t\t\t\t\t\t\t\t\t\tmapTypeControl: false\r\n\t\t\t\t\t\t\t\t\t\t}\r\n\t\t\t\t\t\t\t\t\t}\r\n\t\t\t\t\t\t\t\t});\r\n\t\t\t\t\t\t\t}\r\n\t\t\t\t\t\t});$(\"head\").append(\"<style>#map_69e1dfb709407 {height: 400px;}<\/style>\");})(jQuery);\r\n\t\t\t\t<\/script><\/div><div class=\"dfd-spacer-module\"  data-units=\"px\" data-wide_resolution=\"1280\" data-wide_size=\"40\" data-normal_resolution=\"1024\" data-normal_size=\"40\" data-tablet_resolution=\"800\" data-tablet_size=\"40\" data-mobile_resolution=\"480\" data-mobile_size=\"40\" style=\"height: 40px;\"><\/div>[\/vc_column][\/vc_row][vc_row][vc_column width=&#8221;1\/2&#8243; css=&#8221;.vc_custom_1509399401725{padding-right: 30px !important;}&#8221;]<div class=\"dfd-spacer-module\"  data-units=\"px\" data-wide_resolution=\"1280\" data-wide_size=\"20\" data-normal_resolution=\"1024\" data-normal_size=\"20\" data-tablet_resolution=\"800\" data-tablet_size=\"20\" data-mobile_resolution=\"480\" data-mobile_size=\"20\" style=\"height: 20px;\"><\/div><div id=\"idinfobox69e1dfb709553\" class=\"dfd-info-box clearfix style-02 layout-04  idinfobox69e1dfb709553\" ><div class=\"dfd-animate-container\"><div class=\"icon-wrapper\"><div class=\"module-icon\" style=\"border-radius:1px;font-size:40px;background: linear-gradient(to right, #ffffff 0%,#ffffff 100%); \"><div class=\"hover-layer\" ><\/div><i class=\"featured-icon dfd-icon-map_pin\" style=\"font-size:24px; color:#444444; opacity:1;\" ><\/i><\/div><\/div><div class=\"content-wrap ovh\"><div class=\"info-box-title feature-title\" style=\"\">Adress<\/div><div class=\"wrap-delimiter\"><div class=\"delimiter\" ><\/div><\/div><div class=\"description\" style=\"\">Strada Pet\u0151fi S\u00e1ndor 13, Dumbr\u0103vi\u021ba 307 160, Timi\u0219,Romania<\/div><\/div><\/div><\/div><div class=\"dfd-spacer-module\"  data-units=\"px\" data-wide_resolution=\"1280\" data-wide_size=\"20\" data-normal_resolution=\"1024\" data-normal_size=\"20\" data-tablet_resolution=\"800\" data-tablet_size=\"20\" data-mobile_resolution=\"480\" data-mobile_size=\"20\" style=\"height: 20px;\"><\/div><div id=\"idinfobox69e1dfb709626\" class=\"dfd-info-box clearfix style-02 layout-04  idinfobox69e1dfb709626\" ><div class=\"dfd-animate-container\"><div class=\"icon-wrapper\"><div class=\"module-icon\" style=\"border-radius:1px;font-size:40px;background: linear-gradient(to right, #ffffff 0%,#ffffff 100%); \"><div class=\"hover-layer\" ><\/div><i class=\"featured-icon dfd-icon-phone_wifi_2\" style=\"font-size:24px; color:#444444; opacity:1;\" ><\/i><\/div><\/div><div class=\"content-wrap ovh\"><div class=\"info-box-title feature-title\" style=\"\">Phone<\/div><div class=\"wrap-delimiter\"><div class=\"delimiter\" ><\/div><\/div><div class=\"description\" style=\"\">0040 733 932 653 \/ 0040 766 263 830 \/ 0040 356 001 874<\/div><\/div><\/div><\/div><div class=\"dfd-spacer-module\"  data-units=\"px\" data-wide_resolution=\"1280\" data-wide_size=\"20\" data-normal_resolution=\"1024\" data-normal_size=\"20\" data-tablet_resolution=\"800\" data-tablet_size=\"20\" data-mobile_resolution=\"480\" data-mobile_size=\"20\" style=\"height: 20px;\"><\/div><div id=\"idinfobox69e1dfb7096c9\" class=\"dfd-info-box clearfix style-02 layout-04  idinfobox69e1dfb7096c9\" ><div class=\"dfd-animate-container\"><div class=\"icon-wrapper\"><div class=\"module-icon\" style=\"border-radius:1px;font-size:40px;background: linear-gradient(to right, #ffffff 0%,#ffffff 100%); \"><div class=\"hover-layer\" ><\/div><i class=\"featured-icon dfd-icon-printer\" style=\"font-size:24px; color:#444444; opacity:1;\" ><\/i><\/div><\/div><div class=\"content-wrap ovh\"><div class=\"info-box-title feature-title\" style=\"\">Fax<\/div><div class=\"wrap-delimiter\"><div class=\"delimiter\" ><\/div><\/div><div class=\"description\" style=\"\">0040 356 001 930<\/div><\/div><\/div><\/div><div class=\"dfd-spacer-module\"  data-units=\"px\" data-wide_resolution=\"1280\" data-wide_size=\"20\" data-normal_resolution=\"1024\" data-normal_size=\"20\" data-tablet_resolution=\"800\" data-tablet_size=\"20\" data-mobile_resolution=\"480\" data-mobile_size=\"20\" style=\"height: 20px;\"><\/div><div id=\"idinfobox69e1dfb70976f\" class=\"dfd-info-box clearfix style-02 layout-04  idinfobox69e1dfb70976f\" ><div class=\"dfd-animate-container\"><div class=\"icon-wrapper\"><div class=\"module-icon\" style=\"border-radius:1px;font-size:40px;background: linear-gradient(to right, #ffffff 0%,#ffffff 100%); \"><div class=\"hover-layer\" ><\/div><i class=\"featured-icon dfd-icon-email_2\" style=\"font-size:24px; color:#444444; opacity:1;\" ><\/i><\/div><\/div><div class=\"content-wrap ovh\"><div class=\"info-box-title feature-title\" style=\"\">Email<\/div><div class=\"wrap-delimiter\"><div class=\"delimiter\" ><\/div><\/div><div class=\"description\" style=\"\">office@ackrobat.ro<br \/>\noffice@ackrobatprofesional.ro<\/div><\/div><\/div><\/div><div class=\"dfd-spacer-module\"  data-units=\"px\" data-wide_resolution=\"1280\" data-wide_size=\"20\" data-normal_resolution=\"1024\" data-normal_size=\"20\" data-tablet_resolution=\"800\" data-tablet_size=\"20\" data-mobile_resolution=\"480\" data-mobile_size=\"20\" style=\"height: 20px;\"><\/div>[vc_row_inner][vc_column_inner width=&#8221;1\/2&#8243;]<div class=\"dfd-spacer-module\"  data-units=\"px\" data-wide_resolution=\"1280\" data-wide_size=\"40\" data-normal_resolution=\"1024\" data-normal_size=\"40\" data-tablet_resolution=\"800\" data-tablet_size=\"40\" data-mobile_resolution=\"480\" data-mobile_size=\"40\" style=\"height: 40px;\"><\/div><div id=\"dfd-soc-icon-69e1dfb70981b-1160\" class=\"dfd-new-soc-icon text-left style-12   \" ><div class=\"soc-icon-container clearfix\"><a href=\"#\"    class=\"soc_icon-facebook\"><i class=\"soc_icon-facebook\"><\/i><\/a><a href=\"#\"    class=\"soc_icon-google__x2B_\"><i class=\"soc_icon-google__x2B_\"><\/i><\/a><a href=\"#\"    class=\"soc_icon-linkedin\"><i class=\"soc_icon-linkedin\"><\/i><\/a><\/div><\/div><script type=\"text\/javascript\">\r\n\t\t\t\t\t\t\t(function($) {\r\n\t\t\t\t\t\t\t\t$(\"head\").append(\"<style>#dfd-soc-icon-69e1dfb70981b-1160.dfd-new-soc-icon a {font-size: 16px; background: #ededed; }#dfd-soc-icon-69e1dfb70981b-1160.dfd-new-soc-icon a:before {}#dfd-soc-icon-69e1dfb70981b-1160.dfd-new-soc-icon a i {}<\/style>\");\r\n\t\t\t\t\t\t\t})(jQuery);\r\n\t\t\t\t\t\t<\/script><div class=\"dfd-spacer-module\"  data-units=\"px\" data-wide_resolution=\"1280\" data-wide_size=\"40\" data-normal_resolution=\"1024\" data-normal_size=\"40\" data-tablet_resolution=\"800\" data-tablet_size=\"40\" data-mobile_resolution=\"480\" data-mobile_size=\"40\" style=\"height: 40px;\"><\/div>[vc_single_image image=&#8221;410&#8243; img_size=&#8221;full&#8221;]<div class=\"dfd-spacer-module\"  data-units=\"px\" data-wide_resolution=\"1280\" data-wide_size=\"40\" data-normal_resolution=\"1024\" data-normal_size=\"40\" data-tablet_resolution=\"800\" data-tablet_size=\"40\" data-mobile_resolution=\"480\" data-mobile_size=\"40\" style=\"height: 40px;\"><\/div>[\/vc_column_inner][vc_column_inner width=&#8221;1\/2&#8243;][\/vc_column_inner][\/vc_row_inner][\/vc_column][vc_column width=&#8221;1\/2&#8243; css=&#8221;.vc_custom_1509397766167{padding-left: 20px !important;}&#8221;]<div class=\"dfd-heading-shortcode\"><div class=\"dfd-heading-module-wrap  text-left style_01 dfd-heading-69e1dfb709956 dfd-disable-resposive-headings\" id=\"dfd-heading-69e1dfb709956\" ><div class=\"inline-block\"><div class=\"dfd-heading-module\"><h5 class=\"widget-title dfd-title \" style=\"font-size: 24px; \">Send us a message<\/h5><div class=\"dfd-heading-delimiter\"><\/div><\/div><\/div><\/div><script type=\"text\/javascript\">\r\n\t\t\t\t\t\t\t\t\t(function($) {\r\n\t\t\t\t\t\t\t\t\t\t$(\"head\").append(\"<style>.dfd-heading-69e1dfb709956.dfd-heading-module-wrap .dfd-heading-module .dfd-heading-delimiter {border-bottom-style:solid;border-bottom-width:1px;width:200px;border-bottom-color:#dddddd;}.dfd-heading-69e1dfb709956.dfd-heading-module-wrap .dfd-heading-module .dfd-heading-delimiter {margin-top:10px;margin-bottom:10px;}<\/style>\");\r\n\t\t\t\t\t\t\t\t\t})(jQuery);\r\n\t\t\t\t\t\t\t\t<\/script><\/div><div class=\"dfd-spacer-module\"  data-units=\"px\" data-wide_resolution=\"1280\" data-wide_size=\"20\" data-normal_resolution=\"1024\" data-normal_size=\"20\" data-tablet_resolution=\"800\" data-tablet_size=\"20\" data-mobile_resolution=\"480\" data-mobile_size=\"20\" style=\"height: 20px;\"><\/div>[dfd_user_form fake_check_layout=&#8221;forms_00&#8243; placeholder=&#8221;&#8221; borderwidth=&#8221;1&#8243; border_radius=&#8221;2&#8243; text_area_height=&#8221;10&#8243; vert_margin_btw_inputs=&#8221;15&#8243; horiz_margin_btw_inputs=&#8221;10&#8243; font_size=&#8221;13&#8243; button_border_width=&#8221;1&#8243; button_border_radius=&#8221;2&#8243; btn_message=&#8221;SEND&#8221; btn_width=&#8221;dfd-third-size&#8221; check_layout=&#8221;forms_00.php&#8221; input_background=&#8221;#f5f5f5&#8243; show_label_text=&#8221;on&#8221; border_color=&#8221;#e8e8e8&#8243; text_color=&#8221;#565656&#8243; button_border_color=&#8221;#e0e0e0&#8243; button_backgrond=&#8221;#ffffff&#8221; hover_button_backgrond=&#8221;#7aa520&#8243; button_color_text=&#8221;#494949&#8243; button_hover_color_text=&#8221;#ffffff&#8221; check_layout_forms_00=&#8221;{&#8220;1&#8220;:{&#8220;text_name&#8220;:{&#8220;required-1&#8220;:&#8220;1&#8220;,&#8220;name&#8220;:&#8220;Name&#8220;,&#8220;akismet_comment_author-1&#8220;:&#8220;1&#8220;}},&#8220;2&#8220;:{&#8220;email&#8220;:{&#8220;name&#8220;:&#8220;Email&#8220;,&#8220;akismet_comment_author_email-1&#8220;:&#8220;1&#8220;,&#8220;required-1&#8220;:&#8220;1&#8220;}},&#8220;3&#8220;:{&#8220;text_name&#8220;:{&#8220;name&#8220;:&#8220;Subject&#8220;}},&#8220;4&#8220;:{&#8220;telephone&#8220;:{&#8220;name&#8220;:&#8220;Phone&#8220;,&#8220;required-1&#8220;:&#8220;1&#8220;}},&#8220;5&#8220;:{&#8220;textarea_name&#8220;:{&#8220;name&#8220;:&#8220;Message&#8220;,&#8220;required-1&#8220;:&#8220;1&#8220;}}}&#8221;]From:{{text_name-1}}<br \/>\nSubject:{{text_name-3}}<\/p>\n<p>Message Body:<br \/>\n{{textarea_name-5}}<br \/>\n{{telephone-4}}<\/p>\n<p>&#8212;<br \/>\nEmail trimis de pe Ackrobat Professional[\/dfd_user_form][\/vc_column][\/vc_row][vc_row][vc_column]<div class=\"dfd-spacer-module\"  data-units=\"px\" data-wide_resolution=\"1280\" data-wide_size=\"40\" data-normal_resolution=\"1024\" data-normal_size=\"40\" data-tablet_resolution=\"800\" data-tablet_size=\"40\" data-mobile_resolution=\"480\" data-mobile_size=\"40\" style=\"height: 40px;\"><\/div>[\/vc_column][\/vc_row]   <\/p>\n<\/div>","protected":false},"excerpt":{"rendered":"<p>[vc_row dfd_row_config=&#8221;full_width_content&#8221;][vc_column][\/vc_column][\/vc_row][vc_row][vc_column width=&#8221;1\/2&#8243; css=&#8221;.vc_custom_1509399401725{padding-right: 30px !important;}&#8221;][vc_row_inner][vc_column_inner width=&#8221;1\/2&#8243;][vc_single_image image=&#8221;410&#8243; img_size=&#8221;full&#8221;][\/vc_column_inner][vc_column_inner width=&#8221;1\/2&#8243;][\/vc_column_inner][\/vc_row_inner][\/vc_column][vc_column width=&#8221;1\/2&#8243; css=&#8221;.vc_custom_1509397766167{padding-left: 20px !important;}&#8221;][dfd_user_form fake_check_layout=&#8221;forms_00&#8243; placeholder=&#8221;&#8221; borderwidth=&#8221;1&#8243; border_radius=&#8221;2&#8243; text_area_height=&#8221;10&#8243; vert_margin_btw_inputs=&#8221;15&#8243; horiz_margin_btw_inputs=&#8221;10&#8243; font_size=&#8221;13&#8243; button_border_width=&#8221;1&#8243; button_border_radius=&#8221;2&#8243; btn_message=&#8221;SEND&#8221; btn_width=&#8221;dfd-third-size&#8221; check_layout=&#8221;forms_00.php&#8221; input_background=&#8221;#f5f5f5&#8243; show_label_text=&#8221;on&#8221; border_color=&#8221;#e8e8e8&#8243;<\/p>\n","protected":false},"author":1,"featured_media":0,"parent":0,"menu_order":0,"comment_status":"closed","ping_status":"closed","template":"page-custom.php","meta":{"_acf_changed":false,"footnotes":""},"class_list":["post-513","page","type-page","status-publish","hentry"],"acf":[],"_links":{"self":[{"href":"https:\/\/ackrobatprofesional.ro\/en\/wp-json\/wp\/v2\/pages\/513"}],"collection":[{"href":"https:\/\/ackrobatprofesional.ro\/en\/wp-json\/wp\/v2\/pages"}],"about":[{"href":"https:\/\/ackrobatprofesional.ro\/en\/wp-json\/wp\/v2\/types\/page"}],"author":[{"embeddable":true,"href":"https:\/\/ackrobatprofesional.ro\/en\/wp-json\/wp\/v2\/users\/1"}],"replies":[{"embeddable":true,"href":"https:\/\/ackrobatprofesional.ro\/en\/wp-json\/wp\/v2\/comments?post=513"}],"version-history":[{"count":0,"href":"https:\/\/ackrobatprofesional.ro\/en\/wp-json\/wp\/v2\/pages\/513\/revisions"}],"wp:attachment":[{"href":"https:\/\/ackrobatprofesional.ro\/en\/wp-json\/wp\/v2\/media?parent=513"}],"curies":[{"name":"wp","href":"https:\/\/api.w.org\/{rel}","templated":true}]}}